{"id":18,"date":"2024-05-23T09:22:05","date_gmt":"2024-05-23T09:22:05","guid":{"rendered":"https:\/\/daikinkombifiyatlari.com.tr\/?post_type=product&#038;p=18"},"modified":"2025-10-20T16:21:23","modified_gmt":"2025-10-20T16:21:23","slug":"daikin-kombi-vz-26-premix","status":"publish","type":"product","link":"https:\/\/daikinkombifiyatlari.com.tr\/?product=daikin-kombi-vz-26-premix","title":{"rendered":"DA\u0130K\u0130N KOMB\u0130 VZ 26 PREM\u0130X"},"content":{"rendered":"","protected":false},"excerpt":{"rendered":"","protected":false},"featured_media":45,"comment_status":"open","ping_status":"closed","template":"","meta":[],"product_cat":[16],"product_tag":[],"class_list":{"0":"post-18","1":"product","2":"type-product","3":"status-publish","4":"has-post-thumbnail","6":"product_cat-kombi","8":"first","9":"instock","10":"shipping-taxable","11":"purchasable","12":"product-type-simple"},"_links":{"self":[{"href":"https:\/\/daikinkombifiyatlari.com.tr\/index.php?rest_route=\/wp\/v2\/product\/18","targetHints":{"allow":["GET"]}}],"collection":[{"href":"https:\/\/daikinkombifiyatlari.com.tr\/index.php?rest_route=\/wp\/v2\/product"}],"about":[{"href":"https:\/\/daikinkombifiyatlari.com.tr\/index.php?rest_route=\/wp\/v2\/types\/product"}],"replies":[{"embeddable":true,"href":"https:\/\/daikinkombifiyatlari.com.tr\/index.php?rest_route=%2Fwp%2Fv2%2Fcomments&post=18"}],"wp:featuredmedia":[{"embeddable":true,"href":"https:\/\/daikinkombifiyatlari.com.tr\/index.php?rest_route=\/wp\/v2\/media\/45"}],"wp:attachment":[{"href":"https:\/\/daikinkombifiyatlari.com.tr\/index.php?rest_route=%2Fwp%2Fv2%2Fmedia&parent=18"}],"wp:term":[{"taxonomy":"product_cat","embeddable":true,"href":"https:\/\/daikinkombifiyatlari.com.tr\/index.php?rest_route=%2Fwp%2Fv2%2Fproduct_cat&post=18"},{"taxonomy":"product_tag","embeddable":true,"href":"https:\/\/daikinkombifiyatlari.com.tr\/index.php?rest_route=%2Fwp%2Fv2%2Fproduct_tag&post=18"}],"curies":[{"name":"wp","href":"https:\/\/api.w.org\/{rel}","templated":true}]}}